{"id":4272,"date":"2023-08-19T19:40:04","date_gmt":"2023-08-19T17:40:04","guid":{"rendered":"https:\/\/terraplaza.com\/magazin\/?page_id=4272"},"modified":"2025-03-06T08:41:00","modified_gmt":"2025-03-06T07:41:00","slug":"szerkesztoseg","status":"publish","type":"page","link":"https:\/\/terraplaza.com\/magazin\/hu\/szerkesztoseg\/","title":{"rendered":"Szerkeszt\u0151s\u00e9g"},"content":{"rendered":"\n<p><\/p>\n\n\n\n<div class=\"wp-block-columns is-layout-flex wp-container-core-columns-is-layout-9d6595d7 wp-block-columns-is-layout-flex\">\n<div class=\"wp-block-column is-layout-flow wp-block-column-is-layout-flow\">\n<h5 class=\"wp-block-heading\">F\u0151szerkeszt\u0151:<\/h5>\n\n\n\n<div class=\"wp-block-columns is-layout-flex wp-container-core-columns-is-layout-9d6595d7 wp-block-columns-is-layout-flex\">\n<div class=\"wp-block-column is-layout-flow wp-block-column-is-layout-flow\">\n<p>K\u00e1rp\u00e1thegyi P\u00e9ter<\/p>\n<\/div>\n<\/div>\n<\/div>\n\n\n\n<div class=\"wp-block-column is-layout-flow wp-block-column-is-layout-flow\">\n<h5 class=\"wp-block-heading\">Szerkeszt\u0151k:<\/h5>\n\n\n\n<p>T\u00f3th No\u00e9mi<\/p>\n<\/div>\n<\/div>\n\n\n\n<div class=\"wp-block-columns is-layout-flex wp-container-core-columns-is-layout-9d6595d7 wp-block-columns-is-layout-flex\">\n<div class=\"wp-block-column is-layout-flow wp-block-column-is-layout-flow\">\n<p><strong>Lektorok:<\/strong><\/p>\n\n\n\n<p>Babocsay Gergely<br>dr. Kors\u00f3s Zolt\u00e1n<br>Ujv\u00e1ri Zsolt<\/p>\n<\/div>\n\n\n\n<div class=\"wp-block-column is-layout-flow wp-block-column-is-layout-flow\">\n<h5 class=\"wp-block-heading\">T\u00f6rdel\u0151szerkeszt\u0151:<\/h5>\n\n\n\n<p>K\u00e1rp\u00e1thegyi P\u00e9ter<\/p>\n<\/div>\n<\/div>\n\n\n\n<div class=\"wp-block-columns is-layout-flex wp-container-core-columns-is-layout-9d6595d7 wp-block-columns-is-layout-flex\">\n<div class=\"wp-block-column is-layout-flow wp-block-column-is-layout-flow\">\n<h5 class=\"wp-block-heading\">Fot\u00f3:<\/h5>\n\n\n\n<p>S\u00fct\u0151-Nagy Borb\u00e1la<\/p>\n<\/div>\n\n\n\n<div class=\"wp-block-column is-layout-flow wp-block-column-is-layout-flow\">\n<h5 class=\"wp-block-heading\">Olvas\u00f3szerkeszt\u0151k:<\/h5>\n\n\n\n<p>T\u00f3th No\u00e9mi<br>K\u00e1rp\u00e1thegyi P\u00e9ter<\/p>\n<\/div>\n<\/div>\n\n\n\n<p><\/p>\n","protected":false},"excerpt":{"rendered":"<p>F\u0151szerkeszt\u0151: K\u00e1rp\u00e1thegyi P\u00e9ter Szerkeszt\u0151k: T\u00f3th No\u00e9mi Lektorok: Babocsay Gergelydr. Kors\u00f3s Zolt\u00e1nUjv\u00e1ri Zsolt T\u00f6rdel\u0151szerkeszt\u0151: K\u00e1rp\u00e1thegyi P\u00e9ter Fot\u00f3: S\u00fct\u0151-Nagy Borb\u00e1la Olvas\u00f3szerkeszt\u0151k: T\u00f3th No\u00e9miK\u00e1rp\u00e1thegyi P\u00e9ter<\/p>\n","protected":false},"author":1,"featured_media":0,"parent":0,"menu_order":0,"comment_status":"closed","ping_status":"closed","template":"","meta":{"footnotes":""},"class_list":["post-4272","page","type-page","status-publish"],"yoast_head":"<!-- This site is optimized with the Yoast SEO plugin v27.2 - https:\/\/yoast.com\/product\/yoast-seo-wordpress\/ -->\n<title>Szerkeszt\u0151s\u00e9g &#8211; TerraPlaza magazin<\/title>\n<meta name=\"description\" content=\"TerraPlaza magazin szerkeszt\u0151s\u00e9gi inform\u00e1ci\u00f3k\" \/>\n<meta name=\"robots\" content=\"index, follow, max-snippet:-1, max-image-preview:large, max-video-preview:-1\" \/>\n<link rel=\"canonical\" href=\"https:\/\/terraplaza.com\/magazin\/hu\/szerkesztoseg\/\" \/>\n<meta property=\"og:locale\" content=\"hu_HU\" \/>\n<meta property=\"og:type\" content=\"article\" \/>\n<meta property=\"og:title\" content=\"Szerkeszt\u0151s\u00e9g &#8211; TerraPlaza magazin\" \/>\n<meta property=\"og:description\" content=\"TerraPlaza magazin szerkeszt\u0151s\u00e9gi inform\u00e1ci\u00f3k\" \/>\n<meta property=\"og:url\" content=\"https:\/\/terraplaza.com\/magazin\/hu\/szerkesztoseg\/\" \/>\n<meta property=\"og:site_name\" content=\"TerraPlaza magazin\" \/>\n<meta property=\"article:publisher\" content=\"https:\/\/www.facebook.com\/terraplaza\" \/>\n<meta property=\"article:modified_time\" content=\"2025-03-06T07:41:00+00:00\" \/>\n<meta property=\"og:image\" content=\"https:\/\/terraplaza.com\/magazin\/wp-content\/uploads\/2023\/08\/TeraPlaza-Magazin-Site-logo.jpg\" \/>\n\t<meta property=\"og:image:width\" content=\"1200\" \/>\n\t<meta property=\"og:image:height\" content=\"675\" \/>\n\t<meta property=\"og:image:type\" content=\"image\/jpeg\" \/>\n<meta name=\"twitter:card\" content=\"summary_large_image\" \/>\n<meta name=\"twitter:label1\" content=\"Becs\u00fclt olvas\u00e1si id\u0151\" \/>\n\t<meta name=\"twitter:data1\" content=\"1 perc\" \/>\n<script type=\"application\/ld+json\" class=\"yoast-schema-graph\">{\"@context\":\"https:\/\/schema.org\",\"@graph\":[{\"@type\":\"WebPage\",\"@id\":\"https:\/\/terraplaza.com\/magazin\/hu\/szerkesztoseg\/\",\"url\":\"https:\/\/terraplaza.com\/magazin\/hu\/szerkesztoseg\/\",\"name\":\"Szerkeszt\u0151s\u00e9g &#8211; TerraPlaza magazin\",\"isPartOf\":{\"@id\":\"https:\/\/terraplaza.com\/magazin\/#website\"},\"datePublished\":\"2023-08-19T17:40:04+00:00\",\"dateModified\":\"2025-03-06T07:41:00+00:00\",\"description\":\"TerraPlaza magazin szerkeszt\u0151s\u00e9gi inform\u00e1ci\u00f3k\",\"breadcrumb\":{\"@id\":\"https:\/\/terraplaza.com\/magazin\/hu\/szerkesztoseg\/#breadcrumb\"},\"inLanguage\":\"hu\",\"potentialAction\":[{\"@type\":\"ReadAction\",\"target\":[\"https:\/\/terraplaza.com\/magazin\/hu\/szerkesztoseg\/\"]}]},{\"@type\":\"BreadcrumbList\",\"@id\":\"https:\/\/terraplaza.com\/magazin\/hu\/szerkesztoseg\/#breadcrumb\",\"itemListElement\":[{\"@type\":\"ListItem\",\"position\":1,\"name\":\"Kezd\u0151lap\",\"item\":\"https:\/\/terraplaza.com\/magazin\/hu\/\"},{\"@type\":\"ListItem\",\"position\":2,\"name\":\"Szerkeszt\u0151s\u00e9g\"}]},{\"@type\":\"WebSite\",\"@id\":\"https:\/\/terraplaza.com\/magazin\/#website\",\"url\":\"https:\/\/terraplaza.com\/magazin\/\",\"name\":\"TerraPlaza magazin\",\"description\":\"Term\u00e9szet szeretet \u00e9s felel\u0151s \u00e1llattart\u00e1s naprak\u00e9sz inform\u00e1ci\u00f3kkal \u2013 terrarisztika \u00e9s akvarisztika szakport\u00e1l. Hogy kedvenceidnek min\u00e9l boldogabb \u00e9lete legyen.\",\"publisher\":{\"@id\":\"https:\/\/terraplaza.com\/magazin\/#organization\"},\"alternateName\":\"terrarisztikai szakport\u00e1l\",\"potentialAction\":[{\"@type\":\"SearchAction\",\"target\":{\"@type\":\"EntryPoint\",\"urlTemplate\":\"https:\/\/terraplaza.com\/magazin\/?s={search_term_string}\"},\"query-input\":{\"@type\":\"PropertyValueSpecification\",\"valueRequired\":true,\"valueName\":\"search_term_string\"}}],\"inLanguage\":\"hu\"},{\"@type\":\"Organization\",\"@id\":\"https:\/\/terraplaza.com\/magazin\/#organization\",\"name\":\"TerraPlaza\",\"url\":\"https:\/\/terraplaza.com\/magazin\/\",\"logo\":{\"@type\":\"ImageObject\",\"inLanguage\":\"hu\",\"@id\":\"https:\/\/terraplaza.com\/magazin\/#\/schema\/logo\/image\/\",\"url\":\"https:\/\/terraplaza.com\/magazin\/wp-content\/uploads\/2023\/07\/Kepernyofoto-2023-07-24-18.20.04.png\",\"contentUrl\":\"https:\/\/terraplaza.com\/magazin\/wp-content\/uploads\/2023\/07\/Kepernyofoto-2023-07-24-18.20.04.png\",\"width\":1502,\"height\":382,\"caption\":\"TerraPlaza\"},\"image\":{\"@id\":\"https:\/\/terraplaza.com\/magazin\/#\/schema\/logo\/image\/\"},\"sameAs\":[\"https:\/\/www.facebook.com\/terraplaza\"]}]}<\/script>\n<!-- \/ Yoast SEO plugin. -->","yoast_head_json":{"title":"Szerkeszt\u0151s\u00e9g &#8211; TerraPlaza magazin","description":"TerraPlaza magazin szerkeszt\u0151s\u00e9gi inform\u00e1ci\u00f3k","robots":{"index":"index","follow":"follow","max-snippet":"max-snippet:-1","max-image-preview":"max-image-preview:large","max-video-preview":"max-video-preview:-1"},"canonical":"https:\/\/terraplaza.com\/magazin\/hu\/szerkesztoseg\/","og_locale":"hu_HU","og_type":"article","og_title":"Szerkeszt\u0151s\u00e9g &#8211; TerraPlaza magazin","og_description":"TerraPlaza magazin szerkeszt\u0151s\u00e9gi inform\u00e1ci\u00f3k","og_url":"https:\/\/terraplaza.com\/magazin\/hu\/szerkesztoseg\/","og_site_name":"TerraPlaza magazin","article_publisher":"https:\/\/www.facebook.com\/terraplaza","article_modified_time":"2025-03-06T07:41:00+00:00","og_image":[{"width":1200,"height":675,"url":"https:\/\/terraplaza.com\/magazin\/wp-content\/uploads\/2023\/08\/TeraPlaza-Magazin-Site-logo.jpg","type":"image\/jpeg"}],"twitter_card":"summary_large_image","twitter_misc":{"Becs\u00fclt olvas\u00e1si id\u0151":"1 perc"},"schema":{"@context":"https:\/\/schema.org","@graph":[{"@type":"WebPage","@id":"https:\/\/terraplaza.com\/magazin\/hu\/szerkesztoseg\/","url":"https:\/\/terraplaza.com\/magazin\/hu\/szerkesztoseg\/","name":"Szerkeszt\u0151s\u00e9g &#8211; TerraPlaza magazin","isPartOf":{"@id":"https:\/\/terraplaza.com\/magazin\/#website"},"datePublished":"2023-08-19T17:40:04+00:00","dateModified":"2025-03-06T07:41:00+00:00","description":"TerraPlaza magazin szerkeszt\u0151s\u00e9gi inform\u00e1ci\u00f3k","breadcrumb":{"@id":"https:\/\/terraplaza.com\/magazin\/hu\/szerkesztoseg\/#breadcrumb"},"inLanguage":"hu","potentialAction":[{"@type":"ReadAction","target":["https:\/\/terraplaza.com\/magazin\/hu\/szerkesztoseg\/"]}]},{"@type":"BreadcrumbList","@id":"https:\/\/terraplaza.com\/magazin\/hu\/szerkesztoseg\/#breadcrumb","itemListElement":[{"@type":"ListItem","position":1,"name":"Kezd\u0151lap","item":"https:\/\/terraplaza.com\/magazin\/hu\/"},{"@type":"ListItem","position":2,"name":"Szerkeszt\u0151s\u00e9g"}]},{"@type":"WebSite","@id":"https:\/\/terraplaza.com\/magazin\/#website","url":"https:\/\/terraplaza.com\/magazin\/","name":"TerraPlaza magazin","description":"Term\u00e9szet szeretet \u00e9s felel\u0151s \u00e1llattart\u00e1s naprak\u00e9sz inform\u00e1ci\u00f3kkal \u2013 terrarisztika \u00e9s akvarisztika szakport\u00e1l. Hogy kedvenceidnek min\u00e9l boldogabb \u00e9lete legyen.","publisher":{"@id":"https:\/\/terraplaza.com\/magazin\/#organization"},"alternateName":"terrarisztikai szakport\u00e1l","potentialAction":[{"@type":"SearchAction","target":{"@type":"EntryPoint","urlTemplate":"https:\/\/terraplaza.com\/magazin\/?s={search_term_string}"},"query-input":{"@type":"PropertyValueSpecification","valueRequired":true,"valueName":"search_term_string"}}],"inLanguage":"hu"},{"@type":"Organization","@id":"https:\/\/terraplaza.com\/magazin\/#organization","name":"TerraPlaza","url":"https:\/\/terraplaza.com\/magazin\/","logo":{"@type":"ImageObject","inLanguage":"hu","@id":"https:\/\/terraplaza.com\/magazin\/#\/schema\/logo\/image\/","url":"https:\/\/terraplaza.com\/magazin\/wp-content\/uploads\/2023\/07\/Kepernyofoto-2023-07-24-18.20.04.png","contentUrl":"https:\/\/terraplaza.com\/magazin\/wp-content\/uploads\/2023\/07\/Kepernyofoto-2023-07-24-18.20.04.png","width":1502,"height":382,"caption":"TerraPlaza"},"image":{"@id":"https:\/\/terraplaza.com\/magazin\/#\/schema\/logo\/image\/"},"sameAs":["https:\/\/www.facebook.com\/terraplaza"]}]}},"_links":{"self":[{"href":"https:\/\/terraplaza.com\/magazin\/wp-json\/wp\/v2\/pages\/4272","targetHints":{"allow":["GET"]}}],"collection":[{"href":"https:\/\/terraplaza.com\/magazin\/wp-json\/wp\/v2\/pages"}],"about":[{"href":"https:\/\/terraplaza.com\/magazin\/wp-json\/wp\/v2\/types\/page"}],"author":[{"embeddable":true,"href":"https:\/\/terraplaza.com\/magazin\/wp-json\/wp\/v2\/users\/1"}],"replies":[{"embeddable":true,"href":"https:\/\/terraplaza.com\/magazin\/wp-json\/wp\/v2\/comments?post=4272"}],"version-history":[{"count":8,"href":"https:\/\/terraplaza.com\/magazin\/wp-json\/wp\/v2\/pages\/4272\/revisions"}],"predecessor-version":[{"id":6379,"href":"https:\/\/terraplaza.com\/magazin\/wp-json\/wp\/v2\/pages\/4272\/revisions\/6379"}],"wp:attachment":[{"href":"https:\/\/terraplaza.com\/magazin\/wp-json\/wp\/v2\/media?parent=4272"}],"curies":[{"name":"wp","href":"https:\/\/api.w.org\/{rel}","templated":true}]}}